

{"id":460,"date":"2025-04-29T11:03:48","date_gmt":"2025-04-29T09:03:48","guid":{"rendered":"https:\/\/words2025.loria.fr\/?page_id=460"},"modified":"2025-06-17T10:24:06","modified_gmt":"2025-06-17T08:24:06","slug":"participants","status":"publish","type":"page","link":"https:\/\/words2025.loria.fr\/en\/francais-participants\/","title":{"rendered":"Participants"},"content":{"rendered":"<p><strong>If you have completed the form but do not see your name on the list below, please contact us.<\/strong><br><br>Last update : June 17, 2025<br>(64 participants)<\/p>\n\n\n\n<p> AGO Kristina,University of Novi Sad<br> ARNOUX Pierre, Aix Marseille University<br> BEDARIDE Nicolas, Aix Marseille University<br> BERNAT Julien, Universit\u00e9 de Lorraine<br> BLONDIN MASS\u00c9 Alexandre, Universit\u00e9 du Qu\u00e9bec \u00e0 Montr\u00e9al<br> BOUVEL Mathilde, CNRS &#8211; LORIA &#8211; Universit\u00e9 de Lorraine<br> BRLEK, Srecko, Universit\u00e9 du Qu\u00e9bec \u00e0 Montr\u00e9al<br> BURDERI Fabio, University of Palermo<br> CASSAIGNE Julien, CNRS &#8211; Institut de Math\u00e9matique de Marseille<br> CRUZ Anjelo Gabriel, University of the Philippines Diliman<br> CURRIE James, University of Winnipeg<br> DE LUCA Alessandro, University of Naples Federico II<br> DOLCE Francesco, Czech Technical University in Prague<br> DOMENJOUD Eric, CNRS &#8211; LORIA &#8211; Universit\u00e9 de Lorraine<br> DVORAKOVA Lubomira, Czech Technical University in Prague<br> ERAZO Harold, IMPA<br> ESNAY Sol\u00e8ne, Aix Marseille University<br> FERNIQUE Thomas, CNRS &#8211; LIPN<br> FICI Gabriele, University of Palermo<br> FOKKINK Robbert, Delft University of Technology<br> FRID Anna, Aix Marseille University<br> GABORY Esteban, University of Palermo<br> GABRIC Daniel, University of Guelph<br> GAMARD Guilhem, CNRS &#8211; LORIA &#8211; Universit\u00e9 de Lorraine<br> GHEERAERT France, Universit\u00e9 Picardie Jules Vernes<br> GOLAFSHAN Mohammadmehdi, University of Liege<br> GOULET-OUELLET Herman, Czech Technical University in Prague<br> GOUPIL Alain,  Universit\u00e9 du Qu\u00e9bec \u00e0 Trois-Rivi\u00e8res<br> GRYTCZUK Jaroslaw, Warsaw University of Technology<br> HENRY Rapha\u00ebl, Aix Marseille University<br> HOLUB Stepan, Charles University in Prague<br> HUGHES Christian, Czech Technical University in Prague<br> JAMET Damien, University of Lorraine<br> JOSHI Gandhar, The Open University<br> KABORE Idrissa, Universit\u00e9 Polytechnique de Bobo-Dioulasso<br> KRECZMAN Savinien, University of Liege<br> LABOUREIX Bastien, University   of Paris Saclay<br> LELI\u00c8VRE Samuel, Orsay mathematics Laboratory<br> LEROY Julien, University of Liege<br> LI Shuo, Hangzhou International Innovation Institute of Beihang University<br> LUSTIG Martin, Aix-Marseille University<br> MAITY Anuran, Indian Institute of Technology Guwahati<br> MARIN Louis, UGE LIGM<br> MAS\u00c1KOV\u00c1 Zuzana, Czech Technical University in Prague<br> MOL Lucas, Thompson Rivers University<br> MONTEIL Thierry, CNRS UMR 7030 \/ University Paris 13<br> OLLINGER Nicolas, University of Orleans<br> PAWLIK Bart\u0142omiej, Silesian University of Technology<br> PELANTOV\u00c1 Edita, Czech Technical University in Prague<br> PELTOM\u00c4KI Jarkko, \u00c5bo Akademi University<br> POPOLI Pierre, University of Liege<br> PUZYNINA Svetlana, St. Petersburg State University<br> RAMPERSAD Narad, University of Winnipeg <br> RENARD Antoine, University of Liege<br> RIGO Michel, University of Liege<br> ROSSI Lucia, Technical University of Vienna<br> RUKAVICKA Josef, Czech Technical University in Prague<br> SELLAMI Tarek, Sfax University<br> STOLL Thomas, University of Lorraine<br> TAHAY Pierre-Adrien, LORIA and TELECOM<br> TESTART Benjamin, CNRS &#8211; LORIA &#8211; Universit\u00e9 de Lorraine<br> TRAN CONG Mai Linh, Aix Marseille University<br> WERNECK Maria Clara, Paris Cit\u00e9 University<br> WHITELAND Markus, Loughborough University<\/p>","protected":false},"excerpt":{"rendered":"<p>If you have completed the form but do not see your name on the list below, please contact us. Last update : June 17, 2025(64 participants) AGO Kristina,University of Novi Sad ARNOUX Pierre, Aix Marseille University BEDARIDE Nicolas, Aix Marseille University BERNAT Julien, Universit\u00e9 de Lorraine BLONDIN MASS\u00c9 Alexandre, Universit\u00e9\u2026<\/p>\n<p> <a class=\"continue-reading-link\" href=\"https:\/\/words2025.loria.fr\/en\/francais-participants\/\"><span>Continue reading<\/span><i class=\"crycon-right-dir\"><\/i><\/a> <\/p>\n","protected":false},"author":1965,"featured_media":0,"parent":0,"menu_order":0,"comment_status":"closed","ping_status":"closed","template":"","meta":{"footnotes":""},"class_list":["post-460","page","type-page","status-publish","hentry"],"_links":{"self":[{"href":"https:\/\/words2025.loria.fr\/en\/wp-json\/wp\/v2\/pages\/460","targetHints":{"allow":["GET"]}}],"collection":[{"href":"https:\/\/words2025.loria.fr\/en\/wp-json\/wp\/v2\/pages"}],"about":[{"href":"https:\/\/words2025.loria.fr\/en\/wp-json\/wp\/v2\/types\/page"}],"author":[{"embeddable":true,"href":"https:\/\/words2025.loria.fr\/en\/wp-json\/wp\/v2\/users\/1965"}],"replies":[{"embeddable":true,"href":"https:\/\/words2025.loria.fr\/en\/wp-json\/wp\/v2\/comments?post=460"}],"version-history":[{"count":49,"href":"https:\/\/words2025.loria.fr\/en\/wp-json\/wp\/v2\/pages\/460\/revisions"}],"predecessor-version":[{"id":748,"href":"https:\/\/words2025.loria.fr\/en\/wp-json\/wp\/v2\/pages\/460\/revisions\/748"}],"wp:attachment":[{"href":"https:\/\/words2025.loria.fr\/en\/wp-json\/wp\/v2\/media?parent=460"}],"curies":[{"name":"wp","href":"https:\/\/api.w.org\/{rel}","templated":true}]}}