

{"id":576,"date":"2025-05-30T21:56:59","date_gmt":"2025-05-30T19:56:59","guid":{"rendered":"https:\/\/words2025.loria.fr\/?page_id=576"},"modified":"2025-07-08T19:40:03","modified_gmt":"2025-07-08T17:40:03","slug":"programme-final","status":"publish","type":"page","link":"https:\/\/words2025.loria.fr\/en\/francais-programme\/","title":{"rendered":"Program"},"content":{"rendered":"<p>The conference will start on Monday, June 30th in the morning and end on Friday, July 4th at noon.<\/p>\n\n\n\n<p>The abstracts are available <a href=\"https:\/\/words2025.loria.fr\/files\/2025\/06\/words2025-abstracts.pdf\" target=\"_blank\" rel=\"noreferrer noopener\" aria-label=\"on this document (opens in a new tab)\">on this document<\/a>.<\/p>\n\n\n\n<p class=\"has-large-font-size\"><strong>Monday, June 30th<\/strong><\/p>\n\n\n\n<p class=\"has-background has-luminous-vivid-amber-background-color\">9:30 AM: Welcome coffee<\/p>\n\n\n\n<p>10:00 AM: Welcome speech<\/p>\n\n\n\n<p style=\"text-align:right\"><em>Chair : \u0160t\u011bp\u00e1n Holub<\/em><\/p>\n\n\n\n<p>10:10 AM: <strong>Markus Whiteland<\/strong> \u2013 <em>Glimpses into Recent Developments in Subword Combinatorics and Binomial Coefficients<\/em> (Invited talk). <a href=\"https:\/\/words2025.loria.fr\/files\/2025\/07\/webpage-Whiteland_WORDS25.pdf\">Slides. <\/a><\/p>\n\n\n\n<p class=\"has-background has-luminous-vivid-amber-background-color\">11:10 AM: Break<\/p>\n\n\n\n<p>11:40 AM: <em>On maximal 2-dimensional binary words of bounded degree<\/em> \u2013 Alexandre Blondin Mass\u00e9, Alain Goupil, Rapha\u00ebl L&#8217;Heureux, <strong>Louis Marin<\/strong>. <a href=\"https:\/\/words2025.loria.fr\/files\/2025\/07\/webpage-words-Marin.pdf\">Slides.<\/a> <\/p>\n\n\n\n<p>12:20 PM: <em>Binomial Coefficients of Multidimensional Arrays<\/em> \u2013 <strong>Mehdi Golafshan<\/strong>, Michel Rigo. <a href=\"https:\/\/words2025.loria.fr\/files\/2025\/07\/webpage-Golafshan-Mehdi_compressed.pdf\">Slides. <\/a><\/p>\n\n\n\n<p class=\"has-background has-luminous-vivid-amber-background-color\">1:00 PM: Lunch<\/p>\n\n\n\n<p style=\"text-align:right\"><em>Chair : Svetlana Puzynina<\/em><\/p>\n\n\n\n<p>2:30 AM: <em>Circularity and repetitiveness in non-injective DF0L systems<\/em> \u2013 <strong>Herman Goulet-Ouellet<\/strong>, Karel Klouda, \u0160t\u011bp\u00e1n Starosta. <a href=\"https:\/\/words2025.loria.fr\/files\/2025\/07\/webpageGouletOuelletcircular.pdf\">Slides. <\/a><\/p>\n\n\n\n<p>3:10 PM: <em>And now there are four: Another brick in the wall of the optimal upper bound on the MP-ratio<\/em> \u2013 <strong>Kristina Ago<\/strong>, Bojan Ba\u0161i\u0107. <a href=\"https:\/\/words2025.loria.fr\/files\/2025\/07\/webpage-WORDS-Ago.pdf\">Slides. <\/a><\/p>\n\n\n\n<p class=\"has-background has-luminous-vivid-amber-background-color\">3:50 PM: Break<\/p>\n\n\n\n<p>4:20 PM: <em>Digital Convexity and Combinatorics on Words<\/em> \u2013 <strong>Alessandro De Luca<\/strong>, Gabriele Fici, Andrea Frosini. <a href=\"https:\/\/words2025.loria.fr\/files\/2025\/07\/webpage-ADeLuca-nancy25-1.pdf\">Slides. <\/a><\/p>\n\n\n\n<hr class=\"wp-block-separator has-alpha-channel-opacity\"\/>\n\n\n\n<p class=\"has-large-font-size\"><strong>Tuesday, July 1st<\/strong><\/p>\n\n\n\n<p style=\"text-align:right\"><em>Chair : Narad Rampersad<\/em><\/p>\n\n\n\n<p>9:30 AM: <strong>Martin Lustig<\/strong> \u2013 <em>S-adic expansions, invariant measures and substitutive subshifts<\/em> (Invited talk) <br>With <a href=\"https:\/\/words2025.loria.fr\/files\/2025\/06\/Lustig_hand-out-Nancy_July-25.pdf\" target=\"_blank\" rel=\"noreferrer noopener\" aria-label=\"associated hand-out (opens in a new tab)\">associated hand-out<\/a>.<\/p>\n\n\n\n<p>10:30 AM: <em>Factorizations and Monoids<\/em> \u2013 <strong>Fabio Burderi<\/strong><\/p>\n\n\n\n<p class=\"has-background has-luminous-vivid-amber-background-color\">11:10 AM: Break<\/p>\n\n\n\n<p>11:40 AM: <em>Free Product of Formal Series<\/em> \u2013 <strong>Fabio Burderi<\/strong><\/p>\n\n\n\n<p>12:20 PM: <em>Note on dissecting power of regular languages<\/em> \u2013 <strong>Josef Rukavicka<\/strong><\/p>\n\n\n\n<p class=\"has-background has-luminous-vivid-amber-background-color\">1:00 PM: Lunch<\/p>\n\n\n\n<p style=\"text-align:right\"><em>Chair : Julien Cassaigne<\/em><\/p>\n\n\n\n<p>2:30 PM: <em>Open Problems. <\/em><a href=\"https:\/\/words2025.loria.fr\/files\/2025\/07\/webpage-open-problems.pdf\">Slides<\/a> gathering all open problems. <\/p>\n\n\n\n<p class=\"has-background has-luminous-vivid-amber-background-color\">3:50 PM: Break<\/p>\n\n\n\n<hr class=\"wp-block-separator has-alpha-channel-opacity\"\/>\n\n\n\n<p class=\"has-large-font-size\"><strong>Wednesday, July 2nd<\/strong><\/p>\n\n\n\n<p style=\"text-align:right\"><em>Chair : Anna Frid<\/em><\/p>\n\n\n\n<p>9:30 AM: <strong>Idrissa Kabor\u00e9<\/strong> \u2013 <em>On the abelian complexity of infinite words<\/em> (Invited talk). <a href=\"https:\/\/words2025.loria.fr\/files\/2025\/07\/webpage-Kabore_Final-2-7-2025.pdf\">Slides.<\/a> <\/p>\n\n\n\n<p>10:30 AM: <em>Purely automatic sequences with the uniform distribution property<\/em> \u2013 <strong>Shuo Li<\/strong>, Narad Rampersad. <a href=\"https:\/\/words2025.loria.fr\/files\/2025\/07\/webpage-shuo-li-uniform_distribution_property.pdf\">Slides.<\/a> <\/p>\n\n\n\n<p class=\"has-background has-luminous-vivid-amber-background-color\">11:10 AM: Break<\/p>\n\n\n\n<p>11:40 PM: <em>Shuffle Squares and Nest-Free Graphs<\/em> \u2013 <strong>Jaros\u0142aw Grytczuk<\/strong>, Bart\u0142omiej Pawlik, Andrzej Ruci\u0144ski. <a href=\"https:\/\/words2025.loria.fr\/files\/2025\/07\/webpage-Grytczuk-Nancy-2025.pdf\">Slides.<\/a> <\/p>\n\n\n\n<p>12:20 PM: <em>Clustering of return words in languages of interval exchanges<\/em> \u2013 <strong>Francesco Dolce<\/strong>, Christian B. Hughes.  <a href=\"https:\/\/words2025.loria.fr\/files\/2025\/07\/webpage-dolce-nancy25.pdf\">Slides.<\/a> <\/p>\n\n\n\n<p class=\"has-background has-luminous-vivid-amber-background-color\">1:00 PM: Lunch<\/p>\n\n\n\n<p>3:00 PM: Visit to the Museum of Fine Arts, Place Stanislas, Nancy (registration required); <br><strong>IMPORTANT:<\/strong><br>&#8211; Departure as a group from the LORIA (meet at the place of the coffee breaks) <strong>at 2:20 PM<\/strong> (for those who want to go downtown with other participants.)<br>&#8211; Otherwise, directly meet in front of the museum (<a href=\"https:\/\/www.google.com\/maps\/place\/\/data=!4m2!3m1!1s0x4794986d3baff0bb:0x607e9722dccab0bb?sa=X&amp;ved=1t:8290&amp;ictx=111\">3 Pl. Stanislas, 54000 Nancy<\/a>) at 3:00 PM<br><br><br><\/p>\n\n\n\n<hr class=\"wp-block-separator has-alpha-channel-opacity\"\/>\n\n\n\n<p class=\"has-large-font-size\"><strong>Thursday, July 3rd<\/strong><\/p>\n\n\n\n<p style=\"text-align:right\"><em>Chair : Julien Leroy<\/em><\/p>\n\n\n\n<p>9:30 AM: <strong>Daniel Gabri\u0107<\/strong> \u2013 <em>Combinatorial problems on closed and privileged words<\/em> (Invited talk). <a href=\"https:\/\/words2025.loria.fr\/files\/2025\/07\/webpage-Gabric_Talk.pdf\">Slides. <\/a><\/p>\n\n\n\n<p>10:30 AM: <em>The Heinis spectrum has non-empty interior<\/em> \u2013 <strong>Harold Erazo<\/strong>, Carlos Gustavo Moreira. <a href=\"https:\/\/words2025.loria.fr\/files\/2025\/07\/webpage-Erazo-WORDS_2025.pdf\">Slides.<\/a> <\/p>\n\n\n\n<p class=\"has-background has-luminous-vivid-amber-background-color\">11:10 AM: Break<\/p>\n\n\n\n<p>11:40 AM: <em>On the closed-rich constant of infinite words<\/em> \u2013 <strong>Anuran Maity<\/strong>, Svetlana Puzynina<\/p>\n\n\n\n<p>12:20 PM: <em>Symmetries of rich sequences with minimum critical exponent<\/em> \u2013 <strong>\u013dubom\u00edra Dvo\u0159\u00e1kov\u00e1<\/strong>, Edita Pelantov\u00e1. <a href=\"https:\/\/words2025.loria.fr\/files\/2025\/07\/webpage-Dvorakova-RepetitionThresholdRich.pdf\">Slides.<\/a> <\/p>\n\n\n\n<p class=\"has-background has-pale-pink-background-color\">12:45 -1:00 PM:<strong>&#8212; Conference photo &#8212;<\/strong><\/p>\n\n\n\n<p class=\"has-background has-luminous-vivid-amber-background-color\">1:00 PM+epsilon: Lunch<\/p>\n\n\n\n<p style=\"text-align:right\"><em>Chair : Zuzana Mas\u00e1kov\u00e1<\/em><\/p>\n\n\n\n<p>2:30 PM: <em>Words avoiding half-flips<\/em> \u2013 <strong>James D. Currie<\/strong>, Narad Rampersad. <a href=\"https:\/\/words2025.loria.fr\/files\/2025\/07\/webpage-WORDS-Nancy-2025-Talk-Currie.pdf\">Slides. <\/a><\/p>\n\n\n\n<p>3:10 PM: <em>Avoiding abelian and additive powers in rich words<\/em> \u2013 Jonathan Andrade, <strong>Lucas Mol<\/strong>. <a href=\"https:\/\/words2025.loria.fr\/files\/2025\/07\/webpage-MolWORDS2025.pdf\">Slides. <\/a><\/p>\n\n\n\n<p class=\"has-background has-luminous-vivid-amber-background-color\">3:50 PM: Break<\/p>\n\n\n\n<p>4:20 PM: <em>A Characterization of Algebraic Multivariate Power Series with Sparse Support<\/em> \u2013 <strong>Seda Albayrak<\/strong><\/p>\n\n\n\n<p class=\"has-background has-light-green-cyan-background-color\">7:30 PM: <strong>Banquet :<\/strong> Grand Caf\u00e9 Foy (<a href=\"https:\/\/www.google.com\/maps\/place\/\/data=!4m2!3m1!1s0x47949949b7cec925:0xc7f084af77d02483?sa=X&amp;ved=1t:8290&amp;ictx=111\">1 Pl. Stanislas, 54000 Nancy<\/a>)<br><br><strong>IMPORTANT :<\/strong> Please remember your choices you made via mail for &#8220;Starter &#8211; Main course -Dessert&#8221; and\/or take the little yellow paper at the desk in the lecture hall !<br><em><br>Drinks: <\/em><br><em>  * Kir Lorrain, Toul auxerrois and Mirabelle cream or glass of champagne; <\/em><br><em>  * 2 glasses of wine from the selection offered; <\/em><br><em>  * still and sparkling mineral water; <\/em><br><em>  * coffee or tea.<\/em><\/p>\n\n\n\n<hr class=\"wp-block-separator has-alpha-channel-opacity\"\/>\n\n\n\n<p class=\"has-large-font-size\"><strong>Friday, July 4th<\/strong><\/p>\n\n\n\n<p style=\"text-align:right\"><em>Chair : Michel Rigo<\/em><\/p>\n\n\n\n<p>9:30 AM: <strong>France Gheeraert<\/strong> \u2013 <em>The link between return words and extensions of factors<\/em> (Invited talk). <a href=\"https:\/\/words2025.loria.fr\/files\/2025\/07\/webpage-gheeraert.pdf\">Slides. <\/a><\/p>\n\n\n\n<p>10:30 AM: <em>A succinct study of positionality for Dumont&#8211;Thomas numeration systems<\/em> \u2013 <strong>Savinien Kreczman<\/strong>, S\u00e9bastien Labb\u00e9, Manon Stipulanti. <a href=\"https:\/\/words2025.loria.fr\/files\/2025\/07\/webpage-Kreczman.pdf\">Slides.<\/a> <\/p>\n\n\n\n<p class=\"has-background has-luminous-vivid-amber-background-color\">11:10 AM: Break<\/p>\n\n\n\n<p>11:40 AM: <em>Linear Recurrence Sequence Automata and the Addition of Abstract Numeration Systems<\/em> \u2013 Olivier Carton, Jean-Michel Couvreur, Martin Delacourt and <strong>Nicolas Ollinger<\/strong>. <a href=\"https:\/\/words2025.loria.fr\/files\/2025\/07\/webpage-Ollinger-Nancy25.pdf\">Slides. <\/a><\/p>\n\n\n\n<p>12:20 PM: <em>About \u2206-numeration<\/em> \u2013 <strong>Bastien Laboureix<\/strong>, Eric Domenjoud<\/p>\n\n\n\n<p class=\"has-background has-luminous-vivid-amber-background-color\">1:00 PM: Lunch<\/p>\n\n\n\n<hr class=\"wp-block-separator has-alpha-channel-opacity\"\/>","protected":false},"excerpt":{"rendered":"<p>The conference will start on Monday, June 30th in the morning and end on Friday, July 4th at noon. The abstracts are available on this document. Monday, June 30th 9:30 AM: Welcome coffee 10:00 AM: Welcome speech Chair : \u0160t\u011bp\u00e1n Holub 10:10 AM: Markus Whiteland \u2013 Glimpses into Recent Developments\u2026<\/p>\n<p> <a class=\"continue-reading-link\" href=\"https:\/\/words2025.loria.fr\/en\/francais-programme\/\"><span>Continue reading<\/span><i class=\"crycon-right-dir\"><\/i><\/a> <\/p>\n","protected":false},"author":2488,"featured_media":0,"parent":0,"menu_order":0,"comment_status":"closed","ping_status":"closed","template":"","meta":{"footnotes":""},"class_list":["post-576","page","type-page","status-publish","hentry"],"_links":{"self":[{"href":"https:\/\/words2025.loria.fr\/en\/wp-json\/wp\/v2\/pages\/576","targetHints":{"allow":["GET"]}}],"collection":[{"href":"https:\/\/words2025.loria.fr\/en\/wp-json\/wp\/v2\/pages"}],"about":[{"href":"https:\/\/words2025.loria.fr\/en\/wp-json\/wp\/v2\/types\/page"}],"author":[{"embeddable":true,"href":"https:\/\/words2025.loria.fr\/en\/wp-json\/wp\/v2\/users\/2488"}],"replies":[{"embeddable":true,"href":"https:\/\/words2025.loria.fr\/en\/wp-json\/wp\/v2\/comments?post=576"}],"version-history":[{"count":188,"href":"https:\/\/words2025.loria.fr\/en\/wp-json\/wp\/v2\/pages\/576\/revisions"}],"predecessor-version":[{"id":928,"href":"https:\/\/words2025.loria.fr\/en\/wp-json\/wp\/v2\/pages\/576\/revisions\/928"}],"wp:attachment":[{"href":"https:\/\/words2025.loria.fr\/en\/wp-json\/wp\/v2\/media?parent=576"}],"curies":[{"name":"wp","href":"https:\/\/api.w.org\/{rel}","templated":true}]}}