

{"id":64,"date":"2024-07-03T16:45:03","date_gmt":"2024-07-03T14:45:03","guid":{"rendered":"https:\/\/project.inria.fr\/words2025\/?page_id=64"},"modified":"2025-06-26T12:30:00","modified_gmt":"2025-06-26T10:30:00","slug":"comites","status":"publish","type":"page","link":"https:\/\/words2025.loria.fr\/en\/committes\/","title":{"rendered":"Committees"},"content":{"rendered":"<p>Three distinct committees are in place for this conference:<\/p>\n\n\n\n<ul class=\"wp-block-list\"><li>a <strong>Steering Committee<\/strong> for the whole conference series; <\/li><li>a <strong>Scientific Programme Committee<\/strong> and <\/li><li>an <strong>Organizing Committee<\/strong> for each single edition of the series. <\/li><\/ul>\n\n\n\n<p><br>The <strong>Steering Committee<\/strong> for the WORDS series is composed of <\/p>\n\n\n\n<p> \u2022 <a href=\"https:\/\/www.city.ac.uk\/about\/people\/academics\/golnaz-badkobeh\">Golnaz Badkobeh<\/a> (University of London, UK)<br> \u2022 <a href=\"https:\/\/www.irif.fr\/~berthe\/\">Val\u00e9rie Berth\u00e9<\/a> (University Paris Cit\u00e9, France)<br> \u2022 <a href=\"https:\/\/www.i2m.univ-amu.fr\/user\/julien.cassaigne\/\">Julien Cassaigne<\/a> (Aix-Marseille University, France)<br> \u2022 <a href=\"http:\/\/www.discmath.ulg.ac.be\/charlier\/\">\u00c9milie Charlier<\/a> (University of Li\u00e8ge, Belgium)<br> \u2022 <a href=\"https:\/\/kmlinux.fjfi.cvut.cz\/~balkolub\/\">Lubom\u00edra Dvor\u00e1kov\u00e1<\/a> (Czech Technical University, Czech Republic)<br> \u2022 <a href=\"https:\/\/www.unipa.it\/persone\/docenti\/f\/gabriele.fici\/en\/\">Gabriele Fici<\/a> (University of Palermo, Italy)<br> \u2022 <a href=\"https:\/\/www.i2m.univ-amu.fr\/perso\/anna.frid\/\">Anna Frid<\/a> (Aix-Marseille University, France)<br> \u2022 <a href=\"http:\/\/robertmercas.com\/\">Robert Mercas<\/a> (Loughborough University, UK)<br> \u2022 <a href=\"http:\/\/neraud.jean.free.fr\/\">Jean N\u00e9raud<\/a> (University of Rouen-Normandie, France)<br> \u2022<a href=\"https:\/\/www.utu.fi\/en\/people\/jarkko-peltomaki\"> Jarkko Peltom\u00e4ki<\/a> (University of Turku, Finland)<br> \u2022 <a href=\"http:\/\/www-igm.univ-mlv.fr\/~perrin\/\">Dominique Perrin<\/a> (University Gustave-Eiffel, France)<br> \u2022 <a href=\"https:\/\/newion.uwinnipeg.ca\/~nrampers\/\">Narad Rampersad<\/a> (University of Winnipeg, Canada)<br> \u2022 <a href=\"https:\/\/www.keele.ac.uk\/scm\/staff\/danielreidenbach\/\">Daniel Reidenbach<\/a> (Keele University, UK)<br> \u2022 <a href=\"https:\/\/professeurs.uqam.ca\/professeur\/reutenauer.christophe\/\">Christophe Reutenauer<\/a> (Universit\u00e9 du Qu\u00e9bec \u00e0 Montr\u00e9al, Canada)<br> \u2022 <a href=\"https:\/\/cs.uwaterloo.ca\/~shallit\/\">Jeffrey O. Shallit<\/a> (University of Waterloo, Canada)<br> \u2022 Mikhail Volkov (Ural Federal University, Russia) <\/p>\n\n\n\n<p><br>The <strong>Scientific Programme Committee<\/strong> for WORDS 2025 is co-chaired by <a href=\"https:\/\/members.loria.fr\/ggamard\/\">Guilhem Gamard<\/a> (LORIA) and <a href=\"http:\/\/www.discmath.ulg.ac.be\/leroy\/\">Julien Leroy<\/a> (University of Li\u00e8ge). It is composed of <\/p>\n\n\n\n<p> \u2022 <a href=\"https:\/\/www-lmpa.univ-littoral.fr\/\/~mandrieu\/\">M\u00e9lodie Andrieu<\/a> (University of Littoral Opal Coast, France)<br> \u2022 <a href=\"https:\/\/www.i2m.univ-amu.fr\/perso\/nicolas.bedaride\/\">Nicolas B\u00e9daride<\/a> (Aix-Marseille University, France)<br> \u2022 <a href=\"https:\/\/kmlinux.fjfi.cvut.cz\/~balkolub\/\">Lubom\u00edra Dvo\u0159\u00e1kov\u00e1<\/a> (Czech Technical University, Czech Republic)<br> \u2022 <a href=\"https:\/\/www.unipa.it\/persone\/docenti\/f\/gabriele.fici\/en\/\">Gabriele Fici<\/a> (University of Palermo, Italy)<br> \u2022 <a href=\"https:\/\/members.loria.fr\/ggamard\/\">Guilhem Gamard<\/a> (University of Lorraine \/ LORIA, France, co-chair)<br> \u2022 <a href=\"https:\/\/tcs.uj.edu.pl\/grytczuk\">Jaros\u0142aw Grytczuk<\/a> (Warsaw University of Technology, Poland)<br> \u2022 <a href=\"http:\/\/www.discmath.ulg.ac.be\/leroy\">Julien Leroy<\/a> (University of Li\u00e8ge, Belgium, co-chair)<br> \u2022 <a href=\"https:\/\/users.math-cs.spbu.ru\/~puzynina\/\">Svetlana Puzynina<\/a> (St. Petersburg State University, Russia) <br> \u2022 <a href=\"https:\/\/newion.uwinnipeg.ca\/~nrampers\/\">Narad Rampersad<\/a> (University of Winnipeg, Canada)<br> \u2022 <a href=\"https:\/\/amsaar.gitlab.io\/\">Aleksi Saarela<\/a> (University of Turku, Finland)<br> \u2022 <a href=\"https:\/\/dblp.org\/pid\/05\/3762.html\">Arseny Shur<\/a> (Bar Ilan University, Israel) <br> \u2022 <a href=\"http:\/\/lamatarsissi.com\/\">Lama Tarsissi<\/a> (Sorbonne University Abu Dhabi, UAE) <\/p>\n\n\n\n<p><br>The local <strong>Organizing Committee<\/strong> is composed of six members of the LORIA and two membres of the IECL: <\/p>\n\n\n\n<p> \u2022 <a href=\"https:\/\/www.linkedin.com\/in\/marie-baron-613a0260\/\">Marie Baron<\/a> (LORIA, communication officer) <br> \u2022 <a href=\"https:\/\/iecl.univ-lorraine.fr\/membre-iecl\/bernat-julien\/\">Julien Bernat<\/a> (IECL)<br> \u2022 Nathalie Bethus (LORIA, administrative assistant)<br> \u2022 <a href=\"https:\/\/members.loria.fr\/MBouvel\/\">Mathilde Bouvel<\/a> (LORIA, Mocqua team, common to Inria and LORIA &#8211; CNRS, UL)<br> \u2022 Nathalie Fritz (LORIA, budget officer)<br> \u2022 <a href=\"https:\/\/members.loria.fr\/ggamard\/\">Guilhem Gamard<\/a> (LORIA, Mocqua team, common to Inria and LORIA &#8211; CNRS, UL) <br> \u2022 <a href=\"https:\/\/members.loria.fr\/DJamet\/\">Damien Jamet<\/a> (LORIA)<br> \u2022 <a href=\"https:\/\/iecl.univ-lorraine.fr\/membre-iecl\/stoll-thomas\/\">Thomas Stoll<\/a> (IECL)<br> \u2022 <a href=\"https:\/\/sites.google.com\/view\/pierre-adrien-tahay\">Pierre-Adrien Tahay<\/a> (LORIA and TELECOM)<br> \u2022 <a href=\"https:\/\/mocqua.loria.fr\/membres\/\">Benjamin Testart<\/a> (LORIA, Mocqua team, common to Inria and LORIA &#8211; CNRS, UL)<br><br><\/p>\n\n\n\n<p><br><\/p>","protected":false},"excerpt":{"rendered":"<p>Three distinct committees are in place for this conference: a Steering Committee for the whole conference series; a Scientific Programme Committee and an Organizing Committee for each single edition of the series. The Steering Committee for the WORDS series is composed of \u2022 Golnaz Badkobeh (University of London, UK) \u2022\u2026<\/p>\n<p> <a class=\"continue-reading-link\" href=\"https:\/\/words2025.loria.fr\/en\/committes\/\"><span>Continue reading<\/span><i class=\"crycon-right-dir\"><\/i><\/a> <\/p>\n","protected":false},"author":1990,"featured_media":0,"parent":0,"menu_order":0,"comment_status":"closed","ping_status":"closed","template":"","meta":{"footnotes":""},"class_list":["post-64","page","type-page","status-publish","hentry"],"_links":{"self":[{"href":"https:\/\/words2025.loria.fr\/en\/wp-json\/wp\/v2\/pages\/64","targetHints":{"allow":["GET"]}}],"collection":[{"href":"https:\/\/words2025.loria.fr\/en\/wp-json\/wp\/v2\/pages"}],"about":[{"href":"https:\/\/words2025.loria.fr\/en\/wp-json\/wp\/v2\/types\/page"}],"author":[{"embeddable":true,"href":"https:\/\/words2025.loria.fr\/en\/wp-json\/wp\/v2\/users\/1990"}],"replies":[{"embeddable":true,"href":"https:\/\/words2025.loria.fr\/en\/wp-json\/wp\/v2\/comments?post=64"}],"version-history":[{"count":106,"href":"https:\/\/words2025.loria.fr\/en\/wp-json\/wp\/v2\/pages\/64\/revisions"}],"predecessor-version":[{"id":770,"href":"https:\/\/words2025.loria.fr\/en\/wp-json\/wp\/v2\/pages\/64\/revisions\/770"}],"wp:attachment":[{"href":"https:\/\/words2025.loria.fr\/en\/wp-json\/wp\/v2\/media?parent=64"}],"curies":[{"name":"wp","href":"https:\/\/api.w.org\/{rel}","templated":true}]}}