

{"id":78,"date":"2024-07-03T16:59:54","date_gmt":"2024-07-03T14:59:54","guid":{"rendered":"https:\/\/project.inria.fr\/words2025\/?page_id=78"},"modified":"2025-05-09T12:52:25","modified_gmt":"2025-05-09T10:52:25","slug":"historique","status":"publish","type":"page","link":"https:\/\/words2025.loria.fr\/en\/speakers\/","title":{"rendered":"Speakers"},"content":{"rendered":"<p><a href=\"https:\/\/socs.uoguelph.ca\/~dgabric\/\">Daniel Gabri\u0107<\/a> (University of Guelph, Canada) : <em>Combinatorial problems on closed and privileged words<\/em><br><a href=\"https:\/\/francegheeraert-gitlab-io-francegheeraert-4ca5113416b9242d4e003.gitlab.io\/\">France Gheeraert<\/a> (Universit\u00e9 Picardie Jules Vernes, Amiens, France) : <em>The link between return words and extensions of factors<\/em><br>Idrissa Kabor\u00e9 (Universit\u00e9 Polytechnique de Bobo-Dioulasso, Burkina Faso) : TBA<br><a href=\"https:\/\/www.i2m.univ-amu.fr\/user\/martin.lustig\/\">Martin Lustig<\/a> (Aix-Marseille Universit\u00e9, France) : <em>S-adic expansions, invariant measures and substitutional subshifts<\/em><br><a href=\"https:\/\/mwhiteland.github.io\/\">Markus Whiteland<\/a> (Loughborough University, UK) : <em>Glimpses into recent developments in subword combinatorics and binomial coefficients<\/em><\/p>","protected":false},"excerpt":{"rendered":"<p>Daniel Gabri\u0107 (University of Guelph, Canada) : Combinatorial problems on closed and privileged wordsFrance Gheeraert (Universit\u00e9 Picardie Jules Vernes, Amiens, France) : The link between return words and extensions of factorsIdrissa Kabor\u00e9 (Universit\u00e9 Polytechnique de Bobo-Dioulasso, Burkina Faso) : TBAMartin Lustig (Aix-Marseille Universit\u00e9, France) : S-adic expansions, invariant measures and\u2026<\/p>\n<p> <a class=\"continue-reading-link\" href=\"https:\/\/words2025.loria.fr\/en\/speakers\/\"><span>Continue reading<\/span><i class=\"crycon-right-dir\"><\/i><\/a> <\/p>\n","protected":false},"author":1990,"featured_media":0,"parent":0,"menu_order":0,"comment_status":"closed","ping_status":"closed","template":"","meta":{"footnotes":""},"class_list":["post-78","page","type-page","status-publish","hentry"],"_links":{"self":[{"href":"https:\/\/words2025.loria.fr\/en\/wp-json\/wp\/v2\/pages\/78","targetHints":{"allow":["GET"]}}],"collection":[{"href":"https:\/\/words2025.loria.fr\/en\/wp-json\/wp\/v2\/pages"}],"about":[{"href":"https:\/\/words2025.loria.fr\/en\/wp-json\/wp\/v2\/types\/page"}],"author":[{"embeddable":true,"href":"https:\/\/words2025.loria.fr\/en\/wp-json\/wp\/v2\/users\/1990"}],"replies":[{"embeddable":true,"href":"https:\/\/words2025.loria.fr\/en\/wp-json\/wp\/v2\/comments?post=78"}],"version-history":[{"count":29,"href":"https:\/\/words2025.loria.fr\/en\/wp-json\/wp\/v2\/pages\/78\/revisions"}],"predecessor-version":[{"id":514,"href":"https:\/\/words2025.loria.fr\/en\/wp-json\/wp\/v2\/pages\/78\/revisions\/514"}],"wp:attachment":[{"href":"https:\/\/words2025.loria.fr\/en\/wp-json\/wp\/v2\/media?parent=78"}],"curies":[{"name":"wp","href":"https:\/\/api.w.org\/{rel}","templated":true}]}}