

{"id":84,"date":"2024-07-03T17:01:11","date_gmt":"2024-07-03T15:01:11","guid":{"rendered":"https:\/\/project.inria.fr\/words2025\/?page_id=84"},"modified":"2024-11-07T10:57:28","modified_gmt":"2024-11-07T09:57:28","slug":"loria-nancy","status":"publish","type":"page","link":"https:\/\/words2025.loria.fr\/en\/venue-2\/","title":{"rendered":"Venue"},"content":{"rendered":"<p>\nLORIA is the French acronym for the \u201cLorraine Research Laboratory in \nComputer Science and its Applications\u201d and is a research unit (UMR \n7503), common to&nbsp;CNRS, the&nbsp;University of Lorraine&nbsp;and&nbsp;Inria.&nbsp;<a href=\"https:\/\/www.loria.fr\/fr\/\">More information about Loria<\/a><\/p>\n\n\n\n<figure class=\"wp-block-embed-youtube wp-block-embed is-type-video is-provider-youtube wp-embed-aspect-16-9 wp-has-aspect-ratio\"><div class=\"wp-block-embed__wrapper\">\n<iframe loading=\"lazy\" title=\"Vid\u00e9o Nancy - Lorraine Tourisme\" width=\"900\" height=\"506\" src=\"https:\/\/www.youtube.com\/embed\/FBomkvZQ6Ns?feature=oembed\" frameborder=\"0\" allow=\"accelerometer; autoplay; clipboard-write; encrypted-media; gyroscope; picture-in-picture; web-share\" referrerpolicy=\"strict-origin-when-cross-origin\" allowfullscreen><\/iframe>\n<\/div><\/figure>\n\n\n\n<h2 class=\"wp-block-heading\"><strong>How to reach us<\/strong><\/h2>\n\n\n\n<p> <strong>LORIA<br> Campus scientifique<br> BP 239<br> 54506 Vandoeuvre-l\u00e8s-Nancy Cedex<br> FRANCE<\/strong><\/p>\n\n\n\n<p>T\u00e9l&nbsp;: +33 (0)3 83 59 20 00<\/p>\n\n\n\n<p><strong>GPS adress, to join us more easily :<\/strong><\/p>\n\n\n\n<p> 615, rue du Jardin Botanique<br> 54500 Villers-l\u00e8s-Nancy<br> FRANCE<\/p>\n\n\n\n<p>Latitude : 48.665507<br>Longitude : 6.156108<\/p>\n\n\n\n<h3 class=\"wp-block-heading\">By car<\/h3>\n\n\n\n<h5 class=\"wp-block-heading\"><strong>From Paris\/ from Luxembourg&nbsp;:<\/strong><\/h5>\n\n\n\n<ul class=\"wp-block-list\"><li>Motorways A4 (when arriving from Paris) + A31 in the direction of Nancy<\/li><li>Exit number 2B in direction of Nancy-Brabois \/ Vandoeuvre<\/li><li>At the roundabout, continue straight on the Bourgogne Avenue (1,7 kms)<\/li><li>Turn left, into Rue Victor Basch (700 meters)<\/li><li>Turn right, into rue du Jardin Botanique and you\u2019re there!<\/li><\/ul>\n\n\n\n<h5 class=\"wp-block-heading\"><strong>From Strasbourg&nbsp;:<\/strong><\/h5>\n\n\n\n<ul class=\"wp-block-list\"><li>Motorway A35 in the direction of Nancy \u2013 Take the exit number 44<\/li><li>Continue straight on N4 then motorway A33 \u2013 Exit number 2b in the direction Nancy-Brabois \/ Vandoeuvre<\/li><li>At the roudabout, continue straight on the Bourgogne Avenue (1,7 kms)<\/li><li>Turn left, into rue Victor Basch (700 m)<\/li><li>Turn right, into rue du Jardin Botanique you\u2019re there !<\/li><\/ul>\n\n\n\n<h3 class=\"wp-block-heading\">By bus<\/h3>\n\n\n\n<ul class=\"wp-block-list\"><li>TBA<\/li><\/ul>\n\n\n\n<p><a href=\"https:\/\/www.loria.fr\/wp-content\/uploads\/2016\/04\/Trajet-\u00e0-pied-\u00e0-partir-de-larr\u00eat-de-tram-Callot-Google-Maps.pdf\">See<\/a> the walking route from the \u201cCallot\u201d stop to the Loria<\/p>\n\n\n\n<h3 class=\"wp-block-heading\">By train<\/h3>\n\n\n\n<ul class=\"wp-block-list\"><li>Direct trains from Nancy station: 30 minutes from Metz, 1hr15mins from Strasbourg and 1hr30mins from Paris.<\/li><li>Direct trains from the Lorraine TGV station (35 km from Nancy):&nbsp;<a href=\"https:\/\/www.checkmybus.fr\/nancy\/metz-aeroport\" target=\"_blank\" rel=\"noreferrer noopener\" aria-label=\"shuttles to Nancy station available&nbsp; (ouverture dans un nouvel onglet)\">shuttles to Nancy station available&nbsp;<\/a>(in french)<\/li><\/ul>\n\n\n\n<p>View the timetables&nbsp;<a href=\"http:\/\/www.tgv-europe.com\/en\/?rfrr=Homepage_footer_United%20Kingdom\">here<\/a>.<\/p>","protected":false},"excerpt":{"rendered":"<p>LORIA is the French acronym for the \u201cLorraine Research Laboratory in Computer Science and its Applications\u201d and is a research unit (UMR 7503), common to&nbsp;CNRS, the&nbsp;University of Lorraine&nbsp;and&nbsp;Inria.&nbsp;More information about Loria How to reach us LORIA Campus scientifique BP 239 54506 Vandoeuvre-l\u00e8s-Nancy Cedex FRANCE T\u00e9l&nbsp;: +33 (0)3 83 59 20\u2026<\/p>\n<p> <a class=\"continue-reading-link\" href=\"https:\/\/words2025.loria.fr\/en\/venue-2\/\"><span>Continue reading<\/span><i class=\"crycon-right-dir\"><\/i><\/a> <\/p>\n","protected":false},"author":1990,"featured_media":0,"parent":0,"menu_order":0,"comment_status":"closed","ping_status":"closed","template":"","meta":{"footnotes":""},"class_list":["post-84","page","type-page","status-publish","hentry"],"_links":{"self":[{"href":"https:\/\/words2025.loria.fr\/en\/wp-json\/wp\/v2\/pages\/84","targetHints":{"allow":["GET"]}}],"collection":[{"href":"https:\/\/words2025.loria.fr\/en\/wp-json\/wp\/v2\/pages"}],"about":[{"href":"https:\/\/words2025.loria.fr\/en\/wp-json\/wp\/v2\/types\/page"}],"author":[{"embeddable":true,"href":"https:\/\/words2025.loria.fr\/en\/wp-json\/wp\/v2\/users\/1990"}],"replies":[{"embeddable":true,"href":"https:\/\/words2025.loria.fr\/en\/wp-json\/wp\/v2\/comments?post=84"}],"version-history":[{"count":9,"href":"https:\/\/words2025.loria.fr\/en\/wp-json\/wp\/v2\/pages\/84\/revisions"}],"predecessor-version":[{"id":229,"href":"https:\/\/words2025.loria.fr\/en\/wp-json\/wp\/v2\/pages\/84\/revisions\/229"}],"wp:attachment":[{"href":"https:\/\/words2025.loria.fr\/en\/wp-json\/wp\/v2\/media?parent=84"}],"curies":[{"name":"wp","href":"https:\/\/api.w.org\/{rel}","templated":true}]}}